{"id":10,"date":"2015-10-12T07:33:05","date_gmt":"2015-10-12T07:33:05","guid":{"rendered":"http:\/\/www.street13.si\/?page_id=10"},"modified":"2018-06-11T09:40:58","modified_gmt":"2018-06-11T07:40:58","slug":"o-street13","status":"publish","type":"page","link":"https:\/\/street13.si\/?page_id=10","title":{"rendered":"O Street13"},"content":{"rendered":"<p>Street13 je ena izmed najuspe\u0161nej\u0161ih mladih glasbenih zalo\u017eb v Sloveniji. Ustanovljenja je bila leta 2007 in \u017ee od svojega nastanka redno izdaja glasbene albume in v svojem katalogu zajema tudi nekaj eminentnih glasbenih izvajalcev, npr. Vita Mavri\u010d, Lombardo, Zlatko, Flirrt,\u2026 V preteklih letih so se skladbe, albumi in izvajalci iz kataloga Street13 redno uvr\u0161\u010dali na vse vrste glasbenih lestvic v Sloveniji in do\u017eiveli tudi nekaj plasmajev izdaj na zahodnoevropskih trgih.<\/p>\n<p>Poleg diskografije se Street13 ukvarja tudi z zalo\u017eni\u0161tvom (publishingom), organizacijo koncertov in dogodkov, promocijo, bookingom, proizvodnjo in prodajo merchandisea (majice, kape, obeski,\u2026) in seveda vseh vrst nosilcev fonogramov in digitalnih glasbenih vsebin ter za digitalne oblike prodaje albumov in posnetkov tudi vr\u0161i distribucijo.<\/p>\n","protected":false},"excerpt":{"rendered":"<p>Street13 je ena izmed najuspe\u0161nej\u0161ih mladih glasbenih zalo\u017eb v Sloveniji. Ustanovljenja je bila leta 2007 in \u017ee od svojega nastanka redno izdaja glasbene albume in v svojem katalogu zajema tudi nekaj eminentnih glasbenih izvajalcev, npr. Vita Mavri\u010d, Lombardo, Zlatko, Flirrt,\u2026 V preteklih letih so se skladbe, albumi in izvajalci iz kataloga Street13 redno uvr\u0161\u010dali na [&hellip;]<\/p>\n","protected":false},"author":1,"featured_media":0,"parent":0,"menu_order":0,"comment_status":"closed","ping_status":"closed","template":"","meta":{"footnotes":""},"class_list":["post-10","page","type-page","status-publish","hentry"],"_links":{"self":[{"href":"https:\/\/street13.si\/index.php?rest_route=\/wp\/v2\/pages\/10","targetHints":{"allow":["GET"]}}],"collection":[{"href":"https:\/\/street13.si\/index.php?rest_route=\/wp\/v2\/pages"}],"about":[{"href":"https:\/\/street13.si\/index.php?rest_route=\/wp\/v2\/types\/page"}],"author":[{"embeddable":true,"href":"https:\/\/street13.si\/index.php?rest_route=\/wp\/v2\/users\/1"}],"replies":[{"embeddable":true,"href":"https:\/\/street13.si\/index.php?rest_route=%2Fwp%2Fv2%2Fcomments&post=10"}],"version-history":[{"count":2,"href":"https:\/\/street13.si\/index.php?rest_route=\/wp\/v2\/pages\/10\/revisions"}],"predecessor-version":[{"id":155,"href":"https:\/\/street13.si\/index.php?rest_route=\/wp\/v2\/pages\/10\/revisions\/155"}],"wp:attachment":[{"href":"https:\/\/street13.si\/index.php?rest_route=%2Fwp%2Fv2%2Fmedia&parent=10"}],"curies":[{"name":"wp","href":"https:\/\/api.w.org\/{rel}","templated":true}]}}